{"id":340,"date":"2025-03-20T22:13:54","date_gmt":"2025-03-20T21:13:54","guid":{"rendered":"https:\/\/babospanzio.morahalom.hu\/?page_id=340"},"modified":"2025-03-23T12:06:00","modified_gmt":"2025-03-23T11:06:00","slug":"bemutatkozas","status":"publish","type":"page","link":"https:\/\/babospanzio.morahalom.hu\/en\/introduction\/","title":{"rendered":"About"},"content":{"rendered":"<h2 class=\"wp-block-heading\"><strong>Babos Tanya and Pension - Relax in the embrace of nature, M\u00f3rahalom<\/strong><\/h2>\n\n\n\n<h3 class=\"wp-block-heading\">Location and approach<\/h3>\n\n\n\n<p>A <strong>Tanya Babos<\/strong> It is located in M\u00f3rahalom, in a picturesque setting, directly on the shores of Lake St. John. The location is ideal for those who wish to relax in peace and quiet, close to nature, yet within easy reach of their accommodation. It is only 20 kilometres from Szeged, and can be reached quickly by car from the Szeged-Nyugat exit of the M5 motorway or from Szeged via the 55 main road.<\/p>\n\n\n\n<h3 class=\"wp-block-heading\">Pension and rooms<\/h3>\n\n\n\n<p>The guest house was built in 2023, with a modern, sophisticated design. The building <strong>8 double rooms with double bed<\/strong> all of which are located in the magnificent <strong>Looking at St John's Lake<\/strong>. The rooms are cleanly furnished, with en suite bathrooms, balconies or terraces, so guests can enjoy the tranquillity of the lakeside setting directly.<\/p>\n\n\n\n<div style=\"height:62px\" aria-hidden=\"true\" class=\"wp-block-spacer\"><\/div>\n\n\n\n<h3 class=\"wp-block-heading\">Spa and wellness facilities<\/h3>\n\n\n\n<p>The estate has separate <strong>Bathhouse<\/strong> where guests can relax and unwind in the heart of the <strong>Jacuzzi and massage chairs<\/strong> can be recharged by. Relax in a quiet and pleasant environment, and the proximity to nature adds to the sense of calm and relaxation.<\/p>\n\n\n\n<h3 class=\"wp-block-heading\">Use of accommodation<\/h3>\n\n\n\n<p>The accommodations <strong>on a self-sufficient basis<\/strong> can be used. For other needs - such as meals or special services - you can. <strong>prior arrangement required<\/strong>, and there is the possibility of <strong>individual quote<\/strong> at your request, whether you book individually or in a group.<\/p>\n\n\n\n<h3 class=\"wp-block-heading\">Booking and contact details<\/h3>\n\n\n\n<p>Booking requests <strong>by phone<\/strong> on weekdays between 7:00 and 16:00. <strong>E-mail enquiry<\/strong> we are available 0-24 hours and will respond to all enquiries as soon as possible. <\/p>\n\n\n\n<p><strong>If you have any questions or special requests, please feel free to contact us - we will be happy to help!<\/strong><\/p>\n\n\n\n<p>NTAK registration number: PA23083295<\/p>","protected":false},"excerpt":{"rendered":"<p>Babos Tanya \u00e9s Panzi\u00f3 \u2013 Pihen\u00e9s a term\u00e9szet \u00f6lel\u00e9s\u00e9ben, M\u00f3rahalmon Elhelyezked\u00e9s \u00e9s megk\u00f6zel\u00edt\u00e9s A Babos Tanya M\u00f3rahalmon tal\u00e1lhat\u00f3, fest\u0151i k\u00f6rnyezetben, k\u00f6zvetlen\u00fcl a Szent J\u00e1nos-t\u00f3 partj\u00e1n. A helysz\u00edn ide\u00e1lis azok sz\u00e1m\u00e1ra, akik nyugalomra, term\u00e9szetk\u00f6zeli kikapcsol\u00f3d\u00e1sra v\u00e1gynak, m\u00e9gis k\u00f6nnyen szeretn\u00e9k megk\u00f6zel\u00edteni sz\u00e1ll\u00e1sukat. Szegedt\u0151l csup\u00e1n 20 kilom\u00e9terre fekszik, aut\u00f3val gyorsan el\u00e9rhet\u0151 az M5-\u00f6s aut\u00f3p\u00e1lya Szeged-Nyugat lehajt\u00f3j\u00e1r\u00f3l, vagy Szeged [&hellip;]<\/p>\n","protected":false},"author":2,"featured_media":151,"parent":0,"menu_order":0,"comment_status":"closed","ping_status":"closed","template":"","meta":{"_acf_changed":false,"footnotes":""},"hf_cat_page":[21],"class_list":["post-340","page","type-page","status-publish","has-post-thumbnail","hentry"],"acf":[],"_links":{"self":[{"href":"https:\/\/babospanzio.morahalom.hu\/en\/wp-json\/wp\/v2\/pages\/340","targetHints":{"allow":["GET"]}}],"collection":[{"href":"https:\/\/babospanzio.morahalom.hu\/en\/wp-json\/wp\/v2\/pages"}],"about":[{"href":"https:\/\/babospanzio.morahalom.hu\/en\/wp-json\/wp\/v2\/types\/page"}],"author":[{"embeddable":true,"href":"https:\/\/babospanzio.morahalom.hu\/en\/wp-json\/wp\/v2\/users\/2"}],"replies":[{"embeddable":true,"href":"https:\/\/babospanzio.morahalom.hu\/en\/wp-json\/wp\/v2\/comments?post=340"}],"version-history":[{"count":4,"href":"https:\/\/babospanzio.morahalom.hu\/en\/wp-json\/wp\/v2\/pages\/340\/revisions"}],"predecessor-version":[{"id":785,"href":"https:\/\/babospanzio.morahalom.hu\/en\/wp-json\/wp\/v2\/pages\/340\/revisions\/785"}],"wp:featuredmedia":[{"embeddable":true,"href":"https:\/\/babospanzio.morahalom.hu\/en\/wp-json\/wp\/v2\/media\/151"}],"wp:attachment":[{"href":"https:\/\/babospanzio.morahalom.hu\/en\/wp-json\/wp\/v2\/media?parent=340"}],"wp:term":[{"taxonomy":"hf_cat_page","embeddable":true,"href":"https:\/\/babospanzio.morahalom.hu\/en\/wp-json\/wp\/v2\/hf_cat_page?post=340"}],"curies":[{"name":"wp","href":"https:\/\/api.w.org\/{rel}","templated":true}]}}