{"id":325,"date":"2025-03-20T19:37:11","date_gmt":"2025-03-20T18:37:11","guid":{"rendered":"https:\/\/babospanzio.morahalom.hu\/?page_id=325"},"modified":"2025-10-10T08:41:36","modified_gmt":"2025-10-10T06:41:36","slug":"panzio","status":"publish","type":"page","link":"https:\/\/babospanzio.morahalom.hu\/en\/","title":{"rendered":"Pension"},"content":{"rendered":"<h2 class=\"wp-block-heading\">Babos Pension - Natural relaxation in M\u00f3rahalom<\/h2>\n\n\n\n<p>Imagine waking up on the shores of a quiet lake to the sound of birdsong and the fresh country air filling your lungs. A <strong>Babos Tanya Pension<\/strong> offers you this idyllic experience on the outskirts of M\u00f3rahalom - combining modern comfort with rural tranquillity. Whether it's a romantic getaway, a family holiday or a pampering wellness weekend, we offer unforgettable experiences. Get to know our guesthouse, where the closeness to nature, the <strong>comfortable accommodation<\/strong>, your own <strong>spa and wellness<\/strong> services, and a myriad of programme opportunities combine to create <strong>wonderful<\/strong>, inviting recreation!<\/p>","protected":false},"excerpt":{"rendered":"<p>Babos Panzi\u00f3 \u2013 Term\u00e9szetk\u00f6zeli pihen\u00e9s M\u00f3rahalmon K\u00e9pzelje el, ahogy egy csendes t\u00f3 partj\u00e1n \u00e9bred a mad\u00e1rcsicserg\u00e9sre, \u00e9s a friss vid\u00e9ki leveg\u0151 t\u00f6lti meg t\u00fcdej\u00e9t. A Babos Tanya Panzi\u00f3 ezt az idilli \u00e9lm\u00e9nyt k\u00edn\u00e1lja \u00d6nnek M\u00f3rahalom hat\u00e1r\u00e1ban \u2013 modern k\u00e9nyelemmel \u00f6tv\u00f6zve a vid\u00e9ki nyugalmat. Legyen sz\u00f3 romantikus kiruccan\u00e1sr\u00f3l, csal\u00e1di vak\u00e1ci\u00f3r\u00f3l vagy egy k\u00e9nyeztet\u0151 wellness-h\u00e9tv\u00e9g\u00e9r\u0151l, n\u00e1lunk felejthetetlen [&hellip;]<\/p>\n","protected":false},"author":2,"featured_media":148,"parent":0,"menu_order":0,"comment_status":"closed","ping_status":"closed","template":"","meta":{"_acf_changed":false,"footnotes":""},"hf_cat_page":[21],"class_list":["post-325","page","type-page","status-publish","has-post-thumbnail","hentry"],"acf":[],"_links":{"self":[{"href":"https:\/\/babospanzio.morahalom.hu\/en\/wp-json\/wp\/v2\/pages\/325","targetHints":{"allow":["GET"]}}],"collection":[{"href":"https:\/\/babospanzio.morahalom.hu\/en\/wp-json\/wp\/v2\/pages"}],"about":[{"href":"https:\/\/babospanzio.morahalom.hu\/en\/wp-json\/wp\/v2\/types\/page"}],"author":[{"embeddable":true,"href":"https:\/\/babospanzio.morahalom.hu\/en\/wp-json\/wp\/v2\/users\/2"}],"replies":[{"embeddable":true,"href":"https:\/\/babospanzio.morahalom.hu\/en\/wp-json\/wp\/v2\/comments?post=325"}],"version-history":[{"count":85,"href":"https:\/\/babospanzio.morahalom.hu\/en\/wp-json\/wp\/v2\/pages\/325\/revisions"}],"predecessor-version":[{"id":1579,"href":"https:\/\/babospanzio.morahalom.hu\/en\/wp-json\/wp\/v2\/pages\/325\/revisions\/1579"}],"wp:featuredmedia":[{"embeddable":true,"href":"https:\/\/babospanzio.morahalom.hu\/en\/wp-json\/wp\/v2\/media\/148"}],"wp:attachment":[{"href":"https:\/\/babospanzio.morahalom.hu\/en\/wp-json\/wp\/v2\/media?parent=325"}],"wp:term":[{"taxonomy":"hf_cat_page","embeddable":true,"href":"https:\/\/babospanzio.morahalom.hu\/en\/wp-json\/wp\/v2\/hf_cat_page?post=325"}],"curies":[{"name":"wp","href":"https:\/\/api.w.org\/{rel}","templated":true}]}}