{"id":321,"date":"2025-03-20T19:07:19","date_gmt":"2025-03-20T18:07:19","guid":{"rendered":"https:\/\/babospanzio.morahalom.hu\/?page_id=321"},"modified":"2025-04-25T03:11:44","modified_gmt":"2025-04-25T01:11:44","slug":"kapcsolat","status":"publish","type":"page","link":"https:\/\/babospanzio.morahalom.hu\/en\/contact\/","title":{"rendered":"Contact"},"content":{"rendered":"<p><strong>Relax the way you always wanted to!<\/strong><\/p>\n\n\n\n<p>A <strong>Tanya Babos<\/strong> is not just a guesthouse, but a secluded little \"paradise on earth\" in M\u00f3rahalom, where nature meets comfort. Whether it's a refreshing splash in the spa, a relaxing wellness experience or a quiet countryside getaway, we have everything you need for the perfect recharge.<\/p>\n\n\n\n<p>\ud83d\udccd <strong>Where can you find us?<\/strong> In a picturesque setting, away from the hustle and bustle of everyday life, yet within easy reach of M\u00f3rahalom.<br>\ud83d\udcde <strong>How can you reach me?<\/strong> Call us or send us a message - we'll be happy to help you with reservations and all your questions!<br>\ud83d\udce7 <strong>Ready to rest?<\/strong> Send us an email and we'll make sure your next holiday is unforgettable!<\/p>\n\n\n\n<p><strong>Connect with us - because this is where the real recharging begins!<\/strong><\/p>","protected":false},"excerpt":{"rendered":"<p>Pihenjen \u00fagy, ahogy mindig is szerette volna! A Babos Tanya nem csup\u00e1n egy panzi\u00f3, hanem egy eldugott kis &#8222;f\u00f6ldi paradicsom&#8221; M\u00f3rahalmon, ahol a term\u00e9szet \u00e9s a k\u00e9nyelem tal\u00e1lkozik. Legyen sz\u00f3 egy friss\u00edt\u0151 csobban\u00e1sr\u00f3l a f\u00fcrd\u0151t\u00f3ban, egy laz\u00edt\u00f3 wellness \u00e9lm\u00e9nyr\u0151l vagy egy csendes vid\u00e9ki kikapcsol\u00f3d\u00e1sr\u00f3l, n\u00e1lunk minden adott a t\u00f6k\u00e9letes felt\u00f6lt\u0151d\u00e9shez. \ud83d\udccd Hol tal\u00e1l meg minket? [&hellip;]<\/p>\n","protected":false},"author":2,"featured_media":265,"parent":0,"menu_order":0,"comment_status":"closed","ping_status":"closed","template":"","meta":{"_acf_changed":false,"footnotes":""},"hf_cat_page":[21],"class_list":["post-321","page","type-page","status-publish","has-post-thumbnail","hentry"],"acf":[],"_links":{"self":[{"href":"https:\/\/babospanzio.morahalom.hu\/en\/wp-json\/wp\/v2\/pages\/321","targetHints":{"allow":["GET"]}}],"collection":[{"href":"https:\/\/babospanzio.morahalom.hu\/en\/wp-json\/wp\/v2\/pages"}],"about":[{"href":"https:\/\/babospanzio.morahalom.hu\/en\/wp-json\/wp\/v2\/types\/page"}],"author":[{"embeddable":true,"href":"https:\/\/babospanzio.morahalom.hu\/en\/wp-json\/wp\/v2\/users\/2"}],"replies":[{"embeddable":true,"href":"https:\/\/babospanzio.morahalom.hu\/en\/wp-json\/wp\/v2\/comments?post=321"}],"version-history":[{"count":4,"href":"https:\/\/babospanzio.morahalom.hu\/en\/wp-json\/wp\/v2\/pages\/321\/revisions"}],"predecessor-version":[{"id":1456,"href":"https:\/\/babospanzio.morahalom.hu\/en\/wp-json\/wp\/v2\/pages\/321\/revisions\/1456"}],"wp:featuredmedia":[{"embeddable":true,"href":"https:\/\/babospanzio.morahalom.hu\/en\/wp-json\/wp\/v2\/media\/265"}],"wp:attachment":[{"href":"https:\/\/babospanzio.morahalom.hu\/en\/wp-json\/wp\/v2\/media?parent=321"}],"wp:term":[{"taxonomy":"hf_cat_page","embeddable":true,"href":"https:\/\/babospanzio.morahalom.hu\/en\/wp-json\/wp\/v2\/hf_cat_page?post=321"}],"curies":[{"name":"wp","href":"https:\/\/api.w.org\/{rel}","templated":true}]}}