{"id":276,"date":"2025-03-18T06:14:13","date_gmt":"2025-03-18T05:14:13","guid":{"rendered":"https:\/\/babospanzio.morahalom.hu\/index.php\/imprint\/"},"modified":"2025-03-18T06:15:47","modified_gmt":"2025-03-18T05:15:47","slug":"imprint","status":"publish","type":"page","link":"https:\/\/babospanzio.morahalom.hu\/en\/imprint\/","title":{"rendered":"masthead"},"content":{"rendered":"<!-- Legal document generated by Complianz | GDPR\/CCPA Cookie Consent https:\/\/wordpress.org\/plugins\/complianz-gdpr -->\n<div id=\"cmplz-document\" class=\"cmplz-document impressum cmplz-document-all\"><p><i>This imprint was last updated on 2025.07.24..<\/i><\/p><p class=\"cmplz-subtitle\">The owner of this website is:<\/p><p>Homokh\u00e1t Eurointegr\u00e1ci\u00f3 and Kapocs Folk High School Nonprofit Nonprofit Ltd. <br>6782 M\u00f3rahalom, Millenniumi s\u00e9t\u00e1ny 16.<br>Hungary<br>Email:&nbsp;<span class=\"cmplz-obfuscate\">panzio@<span class=\"cmplz-fmail-domain\">ex.com<\/span>mor&#097;h&#097;&#108;&#111;&#109;&#046;h&#117;<\/span><br>Phone number: +36 62 580 242<br>VAT ID: 18460007-2-06<\/p><p class=\"cmplz-subtitle\">The legal representative(s) of Homokh\u00e1t Eurointegr\u00e1ci\u00f3 \u00e9s Kapocs N\u00e9pf\u0151iskola K\u00f6zhaszn\u00fa Nonprofit Kft. :<\/p><p>Erika Battancs<\/p><h2>1. General<\/h2><p class=\"cmplz-subtitle\">1.1 We are registered at Szegedi Tribunal under the licence or registration number:<\/p><p>06-09-014147<\/p><p>We are not willing or obliged to participate in dispute resolution procedures before a consumer arbitration board.<\/p><\/div>","protected":false},"excerpt":{"rendered":"","protected":false},"author":2,"featured_media":0,"parent":0,"menu_order":0,"comment_status":"closed","ping_status":"closed","template":"","meta":{"_acf_changed":false,"footnotes":""},"hf_cat_page":[19],"class_list":["post-276","page","type-page","status-publish","hentry"],"acf":[],"_links":{"self":[{"href":"https:\/\/babospanzio.morahalom.hu\/en\/wp-json\/wp\/v2\/pages\/276","targetHints":{"allow":["GET"]}}],"collection":[{"href":"https:\/\/babospanzio.morahalom.hu\/en\/wp-json\/wp\/v2\/pages"}],"about":[{"href":"https:\/\/babospanzio.morahalom.hu\/en\/wp-json\/wp\/v2\/types\/page"}],"author":[{"embeddable":true,"href":"https:\/\/babospanzio.morahalom.hu\/en\/wp-json\/wp\/v2\/users\/2"}],"replies":[{"embeddable":true,"href":"https:\/\/babospanzio.morahalom.hu\/en\/wp-json\/wp\/v2\/comments?post=276"}],"version-history":[{"count":1,"href":"https:\/\/babospanzio.morahalom.hu\/en\/wp-json\/wp\/v2\/pages\/276\/revisions"}],"predecessor-version":[{"id":280,"href":"https:\/\/babospanzio.morahalom.hu\/en\/wp-json\/wp\/v2\/pages\/276\/revisions\/280"}],"wp:attachment":[{"href":"https:\/\/babospanzio.morahalom.hu\/en\/wp-json\/wp\/v2\/media?parent=276"}],"wp:term":[{"taxonomy":"hf_cat_page","embeddable":true,"href":"https:\/\/babospanzio.morahalom.hu\/en\/wp-json\/wp\/v2\/hf_cat_page?post=276"}],"curies":[{"name":"wp","href":"https:\/\/api.w.org\/{rel}","templated":true}]}}